{"id":76,"date":"2021-06-08T20:07:26","date_gmt":"2021-06-08T20:07:26","guid":{"rendered":"https:\/\/www.nobozolab.com\/?page_id=76"},"modified":"2024-09-29T18:00:50","modified_gmt":"2024-09-29T18:00:50","slug":"start","status":"publish","type":"page","link":"https:\/\/www.nobozolab.com\/de\/","title":{"rendered":"NobozoLab"},"content":{"rendered":"<section class=\"u-clearfix u-expanded-width-lg u-expanded-width-md u-expanded-width-xl u-hidden-sm u-hidden-xs u-image u-section-2\" id=\"NBL\" data-image-width=\"1589\" data-image-height=\"622\" style=\"background-image: url(&quot;https:\/\/www.nobozolab.com\/wp-content\/uploads\/NoBozoLab_Bild_Elemente_03_1.jpg&quot;);\">\n      <div class=\"u-clearfix u-expanded-width u-layout-wrap u-layout-wrap-1\">\n        <div class=\"u-layout\">\n          <div class=\"u-layout-row\">\n            <div class=\"u-container-style u-layout-cell u-left-cell u-shape-rectangle u-size-30 u-layout-cell-1\">\n              <div class=\"u-container-layout\"><\/div>\n            <\/div>\n            <div class=\"u-container-style u-layout-cell u-right-cell u-shape-rectangle u-size-30 u-layout-cell-2\">\n              <div class=\"u-container-layout u-container-layout-2\">\n                <div class=\"u-container-style u-expanded-width-xs u-group u-image u-opacity u-opacity-70 u-image-1\" data-image-width=\"1000\" data-image-height=\"1173\" style=\"background-image: url(&quot;https:\/\/www.nobozolab.com\/wp-content\/uploads\/background_nbl_header.jpg&quot;);\">\n                  <div class=\"u-container-layout u-container-layout-3\">\n                    <div class=\"u-border-6 u-border-white u-container-style u-group u-group-2\">\n                      <div class=\"u-container-layout u-container-layout-4\">\n                        <h1 class=\"u-custom-font u-text u-title u-text-1\">Building Sustainable Business<\/h1>\n                        <p class=\"u-custom-font u-heading-font u-large-text u-text u-text-variant u-text-2\"><b>NoBozo\nLab<\/b> ist ein taktischer und operativer Value Creator as a Service&nbsp;&nbsp;<br>\n                        <\/p>\n                        <p class=\"u-text u-text-3\">Als spezialisierter Joint-Venture-Partner im Technologie- und Digitalbereich sehen wir uns als ideale Ressource f\u00fcr Gesellschafter und Gesellschaften.<\/p>\n                      <\/div>\n                    <\/div>\n                  <\/div>\n                <\/div>\n              <\/div>\n            <\/div>\n          <\/div>\n        <\/div>\n      <\/div>\n    <\/section>\n    <section class=\"u-clearfix u-expanded-width-lg u-expanded-width-md u-expanded-width-xl u-hidden-lg u-hidden-md u-hidden-xl u-palette-5-base u-section-3\" id=\"carousel_cc6f\">\n      <div class=\"u-clearfix u-expanded-width u-layout-wrap u-layout-wrap-1\">\n        <div class=\"u-layout\">\n          <div class=\"u-layout-row\">\n            <div class=\"u-container-style u-hidden-sm u-hidden-xs u-layout-cell u-left-cell u-shape-rectangle u-size-30 u-layout-cell-1\">\n              <div class=\"u-container-layout\"><\/div>\n            <\/div>\n            <div class=\"u-container-style u-layout-cell u-right-cell u-shape-rectangle u-size-30 u-layout-cell-2\">\n              <div class=\"u-container-layout u-container-layout-2\">\n                <div class=\"u-container-style u-expanded-width-xs u-group u-image u-opacity u-opacity-70 u-image-1\" data-image-width=\"1000\" data-image-height=\"1173\" style=\"background-image: url(&quot;https:\/\/www.nobozolab.com\/wp-content\/uploads\/background_nbl_header.jpg&quot;);\">\n                  <div class=\"u-container-layout u-container-layout-3\">\n                    <div class=\"u-border-6 u-border-white u-container-style u-group u-group-2\">\n                      <div class=\"u-container-layout u-container-layout-4\">\n                        <h1 class=\"u-custom-font u-text u-title u-text-1\">Building Sustainable Business<\/h1>\n                        <p class=\"u-custom-font u-heading-font u-large-text u-text u-text-variant u-text-2\"><b>NoBozo\nLab<\/b> ist ein taktischer und operativer Value Creator as a Service&nbsp;&nbsp;<br>\n                        <\/p>\n                        <p class=\"u-text u-text-3\">Als spezialisierte Consulting Boutique oder Joint-Venture-Partner im Technologie- und Digitalbereich sehen wir uns als ideale Ressource f\u00fcr Gesellschafter und Gesellschaften.<\/p>\n                      <\/div>\n                    <\/div>\n                  <\/div>\n                <\/div>\n              <\/div>\n            <\/div>\n          <\/div>\n        <\/div>\n      <\/div>\n    <\/section>\n    <section class=\"u-clearfix u-section-4\" id=\"services\">\n      <div class=\"u-clearfix u-sheet u-sheet-1\">\n        <div class=\"data-layout-selected u-clearfix u-gutter-0 u-layout-wrap u-layout-wrap-1\">\n          <div class=\"u-gutter-0 u-layout\">\n            <div class=\"u-layout-col\">\n              <div class=\"u-size-30\">\n                <div class=\"u-layout-row\">\n                  <div class=\"u-container-style u-layout-cell u-size-40 u-layout-cell-1\">\n                    <div class=\"u-container-layout u-container-layout-1\">\n                      <h2 class=\"u-text u-text-custom-color-2 u-text-1\">Services<\/h2>\n                      <p class=\"u-text u-text-2\">Unsere Unterst\u00fctzung ist maximal fokussiert, committet und KPI-orientiert ausgerichtet.<\/p>\n                      <p class=\"u-text u-text-3\">Wir setzen Projekte genauso wie das Company Building bei Join-Ventures anhand unseres eigenen <span style=\"font-weight: 700;\">Value Creation Prozess<\/span>um und wenden unsere Expertise fallbezogen und maximal strukturiert bzw. transparent an.<br>&nbsp;<br>\n                        <span style=\"font-weight: 700;\">Typische Anwendungsf\u00e4lle sind:<\/span> Growth, New Product, Turn-Around, Exits, oder DDQ Analyse<br>\n                        <br>Unsere <span style=\"font-weight: 700;\">Partner und Auftraggeber <\/span>sind innovative und digital- bzw. technisch orientierte Inhaber, Gr\u00fcnder, Gesellschaften und Investoren wie z.B. Family Offices oder Private Equity Fonds.&nbsp; &nbsp;<br>\n                        <br>Allen gemein ist das ultimative Ziel, innovative und nachhaltig profitable Gesch\u00e4ftsmodelle und Produkte zu entwickeln oder zu transformieren.<br>\n                      <\/p>\n                    <\/div>\n                  <\/div>\n                  <div class=\"u-container-style u-hidden-md u-hidden-sm u-hidden-xs u-layout-cell u-size-20 u-layout-cell-2\">\n                    <div class=\"u-container-layout u-container-layout-2\"><\/div>\n                  <\/div>\n                <\/div>\n              <\/div>\n              <div class=\"u-size-30\">\n                <div class=\"u-layout-row\">\n                  <div class=\"u-align-left u-container-style u-dialog-link u-hidden-md u-hidden-sm u-hidden-xs u-layout-cell u-size-60 u-layout-cell-3\" data-href=\"#consulting\">\n                    <div class=\"u-container-layout\"><\/div>\n                  <\/div>\n                <\/div>\n              <\/div>\n            <\/div>\n          <\/div>\n        <\/div>\n      <\/div>\n    <\/section>\n    <section class=\"u-clearfix u-grey-5 u-section-5\" id=\"approach\">\n      <div class=\"u-border-8 u-border-black u-line u-line-horizontal u-line-1\"><\/div>\n      <div class=\"data-layout-selected u-clearfix u-gutter-18 u-layout-wrap u-layout-wrap-1\">\n        <div class=\"u-gutter-0 u-layout\">\n          <div class=\"u-layout-col\">\n            <div class=\"u-size-20\">\n              <div class=\"u-layout-row\">\n                <div class=\"u-container-style u-layout-cell u-shape-rectangle u-size-40 u-layout-cell-1\">\n                  <div class=\"u-container-layout u-container-layout-1\">\n                    <h2 class=\"u-text u-text-custom-color-2 u-text-1\">Unser Vorgehen<\/h2>\n                    <p class=\"u-text u-text-2 translation-block\">Wir folgen bei der Entwicklung, Transformation und Beratung unserer Projekte einem sehr strukturiertem, cleanem und KPI-getriebenem <span style=\"font-weight: 700\">Value Creation Prozess<\/span>. Wir fokussieren uns zielorientiert auf die <span style=\"font-weight: 700\">taktische<\/span> und <span style=\"font-weight: 700\">operative<\/span> Umsetzung von definierten Unternehmensstrategien.<br><br>\n\nUnsere <span style=\"font-weight: 700\">Value Creation Prozess<\/span> teilt sich fallbezogen auf in Growth, New Product, Turn-Around, Exits, or DDQ analysis.<\/p>\n                  <\/div>\n                <\/div>\n                <div class=\"u-container-style u-hidden-md u-hidden-sm u-hidden-xs u-layout-cell u-size-20 u-layout-cell-2\">\n                  <div class=\"u-container-layout u-container-layout-2\"><\/div>\n                <\/div>\n              <\/div>\n            <\/div>\n            <div class=\"u-size-20\">\n              <div class=\"u-layout-row\">\n                <div class=\"u-container-style u-layout-cell u-shape-rectangle u-size-20 u-layout-cell-3\">\n                  <div class=\"u-container-layout u-valign-middle-lg u-valign-middle-md u-valign-middle-xl u-container-layout-3\">\n                    <img decoding=\"async\" class=\"u-align-center u-image u-image-contain u-image-default u-preserve-proportions u-image-1\" src=\"https:\/\/www.nobozolab.com\/wp-content\/uploads\/NoBozoLab_Innovationsprozess_400x400px_01_Definition_DE.svg\" alt=\"\" data-image-width=\"400\" data-image-height=\"400\">\n                  <\/div>\n                <\/div>\n                <div class=\"u-container-style u-layout-cell u-shape-rectangle u-size-20 u-layout-cell-4\">\n                  <div class=\"u-container-layout u-valign-middle-lg u-valign-middle-md u-valign-middle-xl u-container-layout-4\">\n                    <img decoding=\"async\" class=\"u-align-center-md u-align-center-sm u-align-center-xs u-image u-image-contain u-image-default u-preserve-proportions u-image-2\" src=\"https:\/\/www.nobozolab.com\/wp-content\/uploads\/NoBozoLab_Innovationsprozess_400x400px_02_Analyse.svg\" alt=\"\" data-image-width=\"400\" data-image-height=\"400\">\n                  <\/div>\n                <\/div>\n                <div class=\"u-align-left u-container-style u-layout-cell u-shape-rectangle u-size-20 u-layout-cell-5\">\n                  <div class=\"u-container-layout u-valign-middle-lg u-valign-middle-xl u-container-layout-5\">\n                    <img decoding=\"async\" class=\"u-image u-image-contain u-image-default u-preserve-proportions u-image-3\" src=\"https:\/\/www.nobozolab.com\/wp-content\/uploads\/NoBozoLab_Innovationsprozess_400x400px_03_Validierung.svg\" alt=\"\" data-image-width=\"400\" data-image-height=\"400\">\n                  <\/div>\n                <\/div>\n              <\/div>\n            <\/div>\n            <div class=\"u-size-20\">\n              <div class=\"u-layout-row\">\n                <div class=\"u-align-left u-container-style u-layout-cell u-shape-rectangle u-size-20 u-layout-cell-6\">\n                  <div class=\"u-container-layout u-valign-middle-lg u-valign-middle-md u-valign-middle-xl u-container-layout-6\">\n                    <img decoding=\"async\" class=\"u-image u-image-contain u-image-default u-preserve-proportions u-image-4\" src=\"https:\/\/www.nobozolab.com\/wp-content\/uploads\/NoBozoLab_Innovationsprozess_400x400px_04_Konzeptionierung.svg\" alt=\"\" data-image-width=\"400\" data-image-height=\"400\">\n                  <\/div>\n                <\/div>\n                <div class=\"u-align-left u-container-style u-layout-cell u-shape-rectangle u-size-20 u-layout-cell-7\">\n                  <div class=\"u-container-layout u-valign-middle-lg u-valign-middle-md u-valign-middle-xl u-container-layout-7\">\n                    <img decoding=\"async\" class=\"u-image u-image-contain u-image-default u-preserve-proportions u-image-5\" src=\"https:\/\/www.nobozolab.com\/wp-content\/uploads\/NoBozoLab_Innovationsprozess_400x400px_05_Umsetzung.svg\" alt=\"\" data-image-width=\"400\" data-image-height=\"400\">\n                  <\/div>\n                <\/div>\n                <div class=\"u-align-left u-container-style u-layout-cell u-shape-rectangle u-size-20 u-layout-cell-8\">\n                  <div class=\"u-container-layout u-container-layout-8\">\n                    <img decoding=\"async\" class=\"u-dialog-link u-hidden-lg u-hidden-xl u-image u-image-default u-preserve-proportions u-image-6\" src=\"https:\/\/www.nobozolab.com\/wp-content\/uploads\/NoBozoLab_Innovationsprozess_400x400px_06_DE.svg\" alt=\"\" data-image-width=\"400\" data-image-height=\"400\" data-href=\"#service-form-small\" title=\"Service-form-small\">\n                  <\/div>\n                <\/div>\n              <\/div>\n            <\/div>\n          <\/div>\n        <\/div>\n      <\/div>\n    <\/section>\n    <section class=\"u-clearfix u-palette-5-dark-3 u-section-6\" id=\"aboutus\">\n      <div class=\"u-expanded-height u-hidden-sm u-hidden-xs u-shape u-shape-rectangle u-white u-shape-1\"><\/div>\n      <div class=\"u-clearfix u-layout-wrap u-layout-wrap-1\">\n        <div class=\"u-layout\">\n          <div class=\"u-layout-row\">\n            <div class=\"u-size-28\">\n              <div class=\"u-layout-col\">\n                <div class=\"u-container-style u-layout-cell u-left-cell u-size-60 u-layout-cell-1\">\n                  <div class=\"u-container-layout\">\n                    <h2 class=\"u-text u-text-custom-color-2 u-text-1\">\u00dcber uns<\/h2>\n                    <p class=\"u-text u-text-2\">Wir verstehen uns als Partner und zus\u00e4tzliche Ressource f\u00fcr Gesellschafter, Gesellschaften und dessen Management.&nbsp; &nbsp; &nbsp;<br>\n                      <br>Wir analysieren jedes Projekt vorab ausf\u00fchrlich auf Umsetzbarkeit und ob wir der richtige Partner mit der notwendigen Expertise und Ressource sind.&nbsp; &nbsp;&nbsp;<br>\n                      <br>Wir sind analytisch und kritisch. Wir sind kein Berater mit rein theoretischen Konzepten und Pr\u00e4sentationen. Wir setzen Projekte in der Praxis direkt selbst um und gehen unternehmerisch, pragmatisch und konsequent vor.&nbsp; &nbsp;&nbsp;<br>\n                      <br>Wir beraten mit der gleichen Intensit\u00e4t und Professionalit\u00e4t gem\u00e4ss unseres Value Creation Prozesses, als w\u00fcrden wir unser eigenes Venture vorantreiben bzw. Joint-Ventures entwickeln.&nbsp; &nbsp;&nbsp;<br>\n                      <br>Wir blicken auf mehr als 15 Jahre praktische Erfahrung zur\u00fcck und vereinen unser gesamtes Wissensspektrum aus den Bereichen Strategie, Gesch\u00e4ftsmodellierung, Technik, Produkteinf\u00fchrung, Corporate-Finance und Legal \u00fcber unsere zentrale Plattform. Diese Expertise k\u00f6nnen wir dadurch interdisziplin\u00e4r \u00fcber unsere Projekte verteilen.&nbsp; &nbsp;&nbsp;<br>\n                      <br>Ein elementarer USP ist das eigene Technologie- und Digitalisierungs-Know-How. Wir k\u00f6nnen beratend unterst\u00fctzen oder bei Bedarf Entwicklungen bzw. Programmierungen selbst durchf\u00fchren bzw. koordinieren.&nbsp; &nbsp;&nbsp;<br>\n                    <\/p>\n                  <\/div>\n                <\/div>\n              <\/div>\n            <\/div>\n            <div class=\"u-size-32\">\n              <div class=\"u-layout-row\">\n                <div class=\"u-container-style u-layout-cell u-right-cell u-size-60 u-layout-cell-2\">\n                  <div class=\"u-container-layout\">\n                    <div class=\"u-align-right u-border-6 u-border-custom-color-2 u-container-style u-expanded-width-xs u-group u-group-1\">\n                      <div class=\"u-container-layout u-container-layout-3\">\n                        <h2 class=\"u-text u-text-custom-color-2 u-text-3\">Unser Herz<\/h2>\n                        <p class=\"u-text u-text-custom-color-2 u-text-4\">Beziehungen sind uns wichtig und wir verstehen uns als Unternehmer, die f\u00fcr und mit anderen Unternehmern in der gesellschaftlichen und \u00f6kologischen Verantwortung stehen. Wir besitzen ein modernes und weltoffenes Mind-Set. Internationale Zusammenarbeit und digitale Arbeitsformen sind unsere Standards.<\/p>\n                      <\/div>\n                    <\/div>\n                  <\/div>\n                <\/div>\n              <\/div>\n            <\/div>\n          <\/div>\n        <\/div>\n      <\/div>\n    <\/section>\n    <section class=\"u-clearfix u-hidden u-section-7\" id=\"team\">\n      <div class=\"u-clearfix u-sheet u-sheet-1\">\n        <div class=\"u-clearfix u-expanded-width u-gutter-10 u-layout-wrap u-layout-wrap-1\">\n          <div class=\"u-gutter-0 u-layout\">\n            <div class=\"u-layout-col\">\n              <div class=\"u-size-20\">\n                <div class=\"u-layout-row\">\n                  <div class=\"u-container-style u-layout-cell u-size-60 u-layout-cell-1\">\n                    <div class=\"u-container-layout u-container-layout-1\">\n                      <h2 class=\"u-text u-text-custom-color-2 u-text-1\">Team<\/h2>\n                    <\/div>\n                  <\/div>\n                <\/div>\n              <\/div>\n              <div class=\"u-size-20\">\n                <div class=\"u-layout-row\">\n                  <div class=\"u-align-left u-container-style u-image u-image-contain u-layout-cell u-size-20 u-image-1\" data-image-width=\"573\" data-image-height=\"715\" style=\"background-image: url(&quot;https:\/\/www.nobozolab.com\/wp-content\/uploads\/mario_nbl.png&quot;);\">\n                    <div class=\"u-container-layout u-container-layout-2\"><\/div>\n                  <\/div>\n                  <div class=\"u-container-style u-image u-image-contain u-layout-cell u-size-20 u-image-2\" data-image-width=\"565\" data-image-height=\"733\" style=\"background-image: url(&quot;https:\/\/www.nobozolab.com\/wp-content\/uploads\/christian_nbl.png&quot;);\">\n                    <div class=\"u-container-layout u-container-layout-3\"><\/div>\n                  <\/div>\n                  <div class=\"u-container-style u-image u-image-contain u-layout-cell u-size-20 u-image-3\" data-image-width=\"566\" data-image-height=\"705\" style=\"background-image: url(&quot;https:\/\/www.nobozolab.com\/wp-content\/uploads\/tri_nbl.png&quot;);\">\n                    <div class=\"u-container-layout u-container-layout-4\"><\/div>\n                  <\/div>\n                <\/div>\n              <\/div>\n              <div class=\"u-size-20\">\n                <div class=\"u-layout-row\">\n                  <div class=\"u-container-style u-layout-cell u-size-45 u-layout-cell-5\">\n                    <div class=\"u-container-layout u-container-layout-5\">\n                      <p class=\"u-text u-text-2\">Wir sind st\u00e4ndig auf der Suche nach Experten und Talenten, die unsere Mission teilen und an der Entwicklung spannender L\u00f6sungen interessiert sind. F\u00fcr unsere Plattform sind wir prim\u00e4r auf der Suche nach Team-Mitgliedern aus den Bereichen Data-Science, Produktentwicklung, Business-Development, Brand-Management und Kommunikation.&nbsp;<br>\n                        <br>Haben wir Dein Interesse geweckt, aber es ist noch nicht klar f\u00fcr welche Rolle? Kein Problem, wir sind offen f\u00fcr einen Austausch und arbeiten gerne gemeinsam etwas aus.\n                      <\/p>\n                    <\/div>\n                  <\/div>\n                  <div class=\"u-container-style u-hidden-md u-hidden-sm u-hidden-xs u-layout-cell u-size-15 u-layout-cell-6\">\n                    <div class=\"u-container-layout u-container-layout-6\"><\/div>\n                  <\/div>\n                <\/div>\n              <\/div>\n            <\/div>\n          <\/div>\n        <\/div>\n      <\/div>\n    <\/section>","protected":false},"excerpt":{"rendered":"<p>Building Sustainable Business NoBozo Lab is a tactical and operational value creator as a service&nbsp;&nbsp; As a specialized venture partner in the technology and digital sector, we see ourselves as an ideal resource for shareholders and companies. Building Sustainable Business NoBozo Lab is a tactical and operational value creator as a service&nbsp;&nbsp; As a specialized &hellip; <a href=\"https:\/\/www.nobozolab.com\/de\/\" class=\"more-link\">Continue reading<span class=\"screen-reader-text\"> &#8220;NobozoLab&#8221;<\/span><\/a><\/p>","protected":false},"author":1,"featured_media":0,"parent":0,"menu_order":0,"comment_status":"closed","ping_status":"closed","template":"","meta":{"footnotes":""},"class_list":["post-76","page","type-page","status-publish","hentry"],"_links":{"self":[{"href":"https:\/\/www.nobozolab.com\/de\/wp-json\/wp\/v2\/pages\/76","targetHints":{"allow":["GET"]}}],"collection":[{"href":"https:\/\/www.nobozolab.com\/de\/wp-json\/wp\/v2\/pages"}],"about":[{"href":"https:\/\/www.nobozolab.com\/de\/wp-json\/wp\/v2\/types\/page"}],"author":[{"embeddable":true,"href":"https:\/\/www.nobozolab.com\/de\/wp-json\/wp\/v2\/users\/1"}],"replies":[{"embeddable":true,"href":"https:\/\/www.nobozolab.com\/de\/wp-json\/wp\/v2\/comments?post=76"}],"version-history":[{"count":103,"href":"https:\/\/www.nobozolab.com\/de\/wp-json\/wp\/v2\/pages\/76\/revisions"}],"predecessor-version":[{"id":498,"href":"https:\/\/www.nobozolab.com\/de\/wp-json\/wp\/v2\/pages\/76\/revisions\/498"}],"wp:attachment":[{"href":"https:\/\/www.nobozolab.com\/de\/wp-json\/wp\/v2\/media?parent=76"}],"curies":[{"name":"wp","href":"https:\/\/api.w.org\/{rel}","templated":true}]}}